{"id":1786,"date":"2024-03-01T14:24:28","date_gmt":"2024-03-01T14:24:28","guid":{"rendered":"https:\/\/talentofriedman.com\/?page_id=1786"},"modified":"2024-03-01T14:24:30","modified_gmt":"2024-03-01T14:24:30","slug":"blog","status":"publish","type":"page","link":"https:\/\/talentofriedman.com\/index.php\/blog\/","title":{"rendered":"Blog"},"content":{"rendered":"<style>.kb-posts-id-1786_3df3e3-88 .entry.loop-entry .entry-header .entry-title{font-size:var(--global-kb-font-size-md, 1.25rem);}<\/style><div class=\"wp-block-kadence-posts kb-posts kb-posts-id-1786_3df3e3-88 content-wrap grid-cols kb-posts-style-boxed grid-sm-col-2 grid-lg-col-3 item-image-style-above\"><article class=\"entry content-bg loop-entry post-1827 post type-post status-publish format-standard has-post-thumbnail hentry category-blog category-retail tag-friedman tag-retail\">\n\t\t\t<a class=\"post-thumbnail kadence-thumbnail-ratio-2-3\" href=\"https:\/\/talentofriedman.com\/index.php\/2024\/03\/19\/las-5-cosas-que-buscan-las-empresas-retail-en-2024\/\">\n\t\t\t<div class=\"post-thumbnail-inner\">\n\t\t\t\t<img decoding=\"async\" width=\"300\" height=\"155\" src=\"https:\/\/talentofriedman.com\/wp-content\/uploads\/2024\/02\/La-preparacion-300x155.jpg\" class=\"attachment-medium size-medium wp-post-image\" alt=\"5 Claves para Triunfar en el Retail en 2024\" srcset=\"https:\/\/talentofriedman.com\/wp-content\/uploads\/2024\/02\/La-preparacion-300x155.jpg 300w, https:\/\/talentofriedman.com\/wp-content\/uploads\/2024\/02\/La-preparacion-1024x530.jpg 1024w, https:\/\/talentofriedman.com\/wp-content\/uploads\/2024\/02\/La-preparacion-768x398.jpg 768w, https:\/\/talentofriedman.com\/wp-content\/uploads\/2024\/02\/La-preparacion-600x311.jpg 600w, https:\/\/talentofriedman.com\/wp-content\/uploads\/2024\/02\/La-preparacion.jpg 1393w\" sizes=\"(max-width: 300px) 100vw, 300px\" \/>\t\t\t<\/div>\n\t\t<\/a><!-- .post-thumbnail -->\n\t\t\t<div class=\"entry-content-wrap\">\n\t\t<header class=\"entry-header\">\n\t\t<div class=\"entry-taxonomies\">\n\t\t<span class=\"category-links term-links category-style-normal\">\n\t\t\t<a href=\"https:\/\/talentofriedman.com\/index.php\/category\/blog\/\" rel=\"category tag\">Blog<\/a> | <a href=\"https:\/\/talentofriedman.com\/index.php\/category\/retail\/\" rel=\"category tag\">RETAIL<\/a>\t\t<\/span>\n\t<\/div><!-- .entry-taxonomies -->\n\t<h3 class=\"entry-title\"><a href=\"https:\/\/talentofriedman.com\/index.php\/2024\/03\/19\/las-5-cosas-que-buscan-las-empresas-retail-en-2024\/\" rel=\"bookmark\">5 Claves para Triunfar en el Retail en 2024<\/a><\/h3>\t<div class=\"entry-meta entry-meta-divider-dot\">\n\t\t\t\t<span class=\"posted-on\">\n\t\t\t\t<time class=\"entry-date published\" datetime=\"2024-03-19T01:05:01+00:00\">19 marzo, 2024<\/time><time class=\"updated\" datetime=\"2024-12-17T15:02:27+00:00\">17 diciembre, 2024<\/time>\t\t\t<\/span>\n\t\t\t\t<\/div><!-- .entry-meta -->\n\t<\/header><!-- .entry-header -->\n<footer class=\"entry-footer\">\n\t\t\t<div class=\"entry-actions\">\n\t\t\t<p class=\"more-link-wrap\">\n\t\t\t\t<a href=\"https:\/\/talentofriedman.com\/index.php\/2024\/03\/19\/las-5-cosas-que-buscan-las-empresas-retail-en-2024\/\" class=\"post-more-link\">\n\t\t\t\t\tRead More<span class=\"screen-reader-text\"> 5 Claves para Triunfar en el Retail en 2024<\/span><span class=\"kadence-svg-iconset svg-baseline\"><svg aria-hidden=\"true\" class=\"kadence-svg-icon kadence-arrow-right-alt-svg\" fill=\"currentColor\" version=\"1.1\" xmlns=\"http:\/\/www.w3.org\/2000\/svg\" width=\"27\" height=\"28\" viewBox=\"0 0 27 28\"><title>Continue<\/title><path d=\"M27 13.953c0 0.141-0.063 0.281-0.156 0.375l-6 5.531c-0.156 0.141-0.359 0.172-0.547 0.094-0.172-0.078-0.297-0.25-0.297-0.453v-3.5h-19.5c-0.281 0-0.5-0.219-0.5-0.5v-3c0-0.281 0.219-0.5 0.5-0.5h19.5v-3.5c0-0.203 0.109-0.375 0.297-0.453s0.391-0.047 0.547 0.078l6 5.469c0.094 0.094 0.156 0.219 0.156 0.359v0z\"><\/path>\n\t\t\t<\/svg><\/span>\t\t\t\t<\/a>\n\t\t\t<\/p>\n\t\t<\/div><!-- .entry-actions -->\n\t\t<\/footer><!-- .entry-footer -->\t<\/div>\n<\/article>\n<article class=\"entry content-bg loop-entry post-1823 post type-post status-publish format-standard has-post-thumbnail hentry category-blog category-vendedor tag-cv tag-retail\">\n\t\t\t<a class=\"post-thumbnail kadence-thumbnail-ratio-2-3\" href=\"https:\/\/talentofriedman.com\/index.php\/2024\/03\/19\/como-escribir-un-cv-para-retail-en-2024-guia-paso-a-paso\/\">\n\t\t\t<div class=\"post-thumbnail-inner\">\n\t\t\t\t<img fetchpriority=\"high\" decoding=\"async\" width=\"300\" height=\"300\" src=\"https:\/\/talentofriedman.com\/wp-content\/uploads\/2024\/03\/DALL\u00b7E-2024-03-18-18.47.21-A-simple-and-realistic-illustration-representing-the-retail-industry.-The-image-should-include-elements-such-as-a-shopping-cart-a-few-clothing-items-1-1-300x300.webp\" class=\"attachment-medium size-medium wp-post-image\" alt=\"C\u00f3mo Escribir un CV para Retail en 2024: Gu\u00eda Paso a Paso\" srcset=\"https:\/\/talentofriedman.com\/wp-content\/uploads\/2024\/03\/DALL\u00b7E-2024-03-18-18.47.21-A-simple-and-realistic-illustration-representing-the-retail-industry.-The-image-should-include-elements-such-as-a-shopping-cart-a-few-clothing-items-1-1-300x300.webp 300w, https:\/\/talentofriedman.com\/wp-content\/uploads\/2024\/03\/DALL\u00b7E-2024-03-18-18.47.21-A-simple-and-realistic-illustration-representing-the-retail-industry.-The-image-should-include-elements-such-as-a-shopping-cart-a-few-clothing-items-1-1-150x150.webp 150w, https:\/\/talentofriedman.com\/wp-content\/uploads\/2024\/03\/DALL\u00b7E-2024-03-18-18.47.21-A-simple-and-realistic-illustration-representing-the-retail-industry.-The-image-should-include-elements-such-as-a-shopping-cart-a-few-clothing-items-1-1-768x768.webp 768w, https:\/\/talentofriedman.com\/wp-content\/uploads\/2024\/03\/DALL\u00b7E-2024-03-18-18.47.21-A-simple-and-realistic-illustration-representing-the-retail-industry.-The-image-should-include-elements-such-as-a-shopping-cart-a-few-clothing-items-1-1-50x50.webp 50w, https:\/\/talentofriedman.com\/wp-content\/uploads\/2024\/03\/DALL\u00b7E-2024-03-18-18.47.21-A-simple-and-realistic-illustration-representing-the-retail-industry.-The-image-should-include-elements-such-as-a-shopping-cart-a-few-clothing-items-1-1-100x100.webp 100w, https:\/\/talentofriedman.com\/wp-content\/uploads\/2024\/03\/DALL\u00b7E-2024-03-18-18.47.21-A-simple-and-realistic-illustration-representing-the-retail-industry.-The-image-should-include-elements-such-as-a-shopping-cart-a-few-clothing-items-1-1-600x600.webp 600w, https:\/\/talentofriedman.com\/wp-content\/uploads\/2024\/03\/DALL\u00b7E-2024-03-18-18.47.21-A-simple-and-realistic-illustration-representing-the-retail-industry.-The-image-should-include-elements-such-as-a-shopping-cart-a-few-clothing-items-1-1.webp 1024w\" sizes=\"(max-width: 300px) 100vw, 300px\" \/>\t\t\t<\/div>\n\t\t<\/a><!-- .post-thumbnail -->\n\t\t\t<div class=\"entry-content-wrap\">\n\t\t<header class=\"entry-header\">\n\t\t<div class=\"entry-taxonomies\">\n\t\t<span class=\"category-links term-links category-style-normal\">\n\t\t\t<a href=\"https:\/\/talentofriedman.com\/index.php\/category\/blog\/\" rel=\"category tag\">Blog<\/a> | <a href=\"https:\/\/talentofriedman.com\/index.php\/category\/vendedor\/\" rel=\"category tag\">Vendedor<\/a>\t\t<\/span>\n\t<\/div><!-- .entry-taxonomies -->\n\t<h3 class=\"entry-title\"><a href=\"https:\/\/talentofriedman.com\/index.php\/2024\/03\/19\/como-escribir-un-cv-para-retail-en-2024-guia-paso-a-paso\/\" rel=\"bookmark\">C\u00f3mo Escribir un CV para Retail en 2024: Gu\u00eda Paso a Paso<\/a><\/h3>\t<div class=\"entry-meta entry-meta-divider-dot\">\n\t\t\t\t<span class=\"posted-on\">\n\t\t\t\t<time class=\"entry-date published\" datetime=\"2024-03-19T00:53:01+00:00\">19 marzo, 2024<\/time><time class=\"updated\" datetime=\"2024-12-17T15:02:27+00:00\">17 diciembre, 2024<\/time>\t\t\t<\/span>\n\t\t\t\t<\/div><!-- .entry-meta -->\n\t<\/header><!-- .entry-header -->\n<footer class=\"entry-footer\">\n\t\t\t<div class=\"entry-actions\">\n\t\t\t<p class=\"more-link-wrap\">\n\t\t\t\t<a href=\"https:\/\/talentofriedman.com\/index.php\/2024\/03\/19\/como-escribir-un-cv-para-retail-en-2024-guia-paso-a-paso\/\" class=\"post-more-link\">\n\t\t\t\t\tRead More<span class=\"screen-reader-text\"> C\u00f3mo Escribir un CV para Retail en 2024: Gu\u00eda Paso a Paso<\/span><span class=\"kadence-svg-iconset svg-baseline\"><svg aria-hidden=\"true\" class=\"kadence-svg-icon kadence-arrow-right-alt-svg\" fill=\"currentColor\" version=\"1.1\" xmlns=\"http:\/\/www.w3.org\/2000\/svg\" width=\"27\" height=\"28\" viewBox=\"0 0 27 28\"><title>Continue<\/title><path d=\"M27 13.953c0 0.141-0.063 0.281-0.156 0.375l-6 5.531c-0.156 0.141-0.359 0.172-0.547 0.094-0.172-0.078-0.297-0.25-0.297-0.453v-3.5h-19.5c-0.281 0-0.5-0.219-0.5-0.5v-3c0-0.281 0.219-0.5 0.5-0.5h19.5v-3.5c0-0.203 0.109-0.375 0.297-0.453s0.391-0.047 0.547 0.078l6 5.469c0.094 0.094 0.156 0.219 0.156 0.359v0z\"><\/path>\n\t\t\t<\/svg><\/span>\t\t\t\t<\/a>\n\t\t\t<\/p>\n\t\t<\/div><!-- .entry-actions -->\n\t\t<\/footer><!-- .entry-footer -->\t<\/div>\n<\/article>\n<article class=\"entry content-bg loop-entry post-1 post type-post status-publish format-standard has-post-thumbnail hentry category-blog\">\n\t\t\t<a class=\"post-thumbnail kadence-thumbnail-ratio-2-3\" href=\"https:\/\/talentofriedman.com\/index.php\/2023\/07\/12\/hola-mundo\/\">\n\t\t\t<div class=\"post-thumbnail-inner\">\n\t\t\t\t<img decoding=\"async\" width=\"300\" height=\"77\" src=\"https:\/\/talentofriedman.com\/wp-content\/uploads\/2023\/07\/banner_Planeacion_estrategica-300x77.jpg\" class=\"attachment-medium size-medium wp-post-image\" alt=\"\u00bfQu\u00e9 es la planeaci\u00f3n estrat\u00e9gica, cu\u00e1les son sus fases y c\u00f3mo implementarla?\" srcset=\"https:\/\/talentofriedman.com\/wp-content\/uploads\/2023\/07\/banner_Planeacion_estrategica-300x77.jpg 300w, https:\/\/talentofriedman.com\/wp-content\/uploads\/2023\/07\/banner_Planeacion_estrategica-768x198.jpg 768w, https:\/\/talentofriedman.com\/wp-content\/uploads\/2023\/07\/banner_Planeacion_estrategica-50x13.jpg 50w, https:\/\/talentofriedman.com\/wp-content\/uploads\/2023\/07\/banner_Planeacion_estrategica-100x26.jpg 100w, https:\/\/talentofriedman.com\/wp-content\/uploads\/2023\/07\/banner_Planeacion_estrategica-600x155.jpg 600w, https:\/\/talentofriedman.com\/wp-content\/uploads\/2023\/07\/banner_Planeacion_estrategica.jpg 970w\" sizes=\"(max-width: 300px) 100vw, 300px\" \/>\t\t\t<\/div>\n\t\t<\/a><!-- .post-thumbnail -->\n\t\t\t<div class=\"entry-content-wrap\">\n\t\t<header class=\"entry-header\">\n\t\t<div class=\"entry-taxonomies\">\n\t\t<span class=\"category-links term-links category-style-normal\">\n\t\t\t<a href=\"https:\/\/talentofriedman.com\/index.php\/category\/blog\/\" rel=\"category tag\">Blog<\/a>\t\t<\/span>\n\t<\/div><!-- .entry-taxonomies -->\n\t<h3 class=\"entry-title\"><a href=\"https:\/\/talentofriedman.com\/index.php\/2023\/07\/12\/hola-mundo\/\" rel=\"bookmark\">\u00bfQu\u00e9 es la planeaci\u00f3n estrat\u00e9gica, cu\u00e1les son sus fases y c\u00f3mo implementarla?<\/a><\/h3>\t<div class=\"entry-meta entry-meta-divider-dot\">\n\t\t\t\t<span class=\"posted-on\">\n\t\t\t\t<time class=\"entry-date published\" datetime=\"2023-07-12T23:20:42+00:00\">12 julio, 2023<\/time><time class=\"updated\" datetime=\"2024-12-17T15:02:28+00:00\">17 diciembre, 2024<\/time>\t\t\t<\/span>\n\t\t\t\t<\/div><!-- .entry-meta -->\n\t<\/header><!-- .entry-header -->\n<footer class=\"entry-footer\">\n\t\t\t<div class=\"entry-actions\">\n\t\t\t<p class=\"more-link-wrap\">\n\t\t\t\t<a href=\"https:\/\/talentofriedman.com\/index.php\/2023\/07\/12\/hola-mundo\/\" class=\"post-more-link\">\n\t\t\t\t\tRead More<span class=\"screen-reader-text\"> \u00bfQu\u00e9 es la planeaci\u00f3n estrat\u00e9gica, cu\u00e1les son sus fases y c\u00f3mo implementarla?<\/span><span class=\"kadence-svg-iconset svg-baseline\"><svg aria-hidden=\"true\" class=\"kadence-svg-icon kadence-arrow-right-alt-svg\" fill=\"currentColor\" version=\"1.1\" xmlns=\"http:\/\/www.w3.org\/2000\/svg\" width=\"27\" height=\"28\" viewBox=\"0 0 27 28\"><title>Continue<\/title><path d=\"M27 13.953c0 0.141-0.063 0.281-0.156 0.375l-6 5.531c-0.156 0.141-0.359 0.172-0.547 0.094-0.172-0.078-0.297-0.25-0.297-0.453v-3.5h-19.5c-0.281 0-0.5-0.219-0.5-0.5v-3c0-0.281 0.219-0.5 0.5-0.5h19.5v-3.5c0-0.203 0.109-0.375 0.297-0.453s0.391-0.047 0.547 0.078l6 5.469c0.094 0.094 0.156 0.219 0.156 0.359v0z\"><\/path>\n\t\t\t<\/svg><\/span>\t\t\t\t<\/a>\n\t\t\t<\/p>\n\t\t<\/div><!-- .entry-actions -->\n\t\t<\/footer><!-- .entry-footer -->\t<\/div>\n<\/article>\n<\/div>","protected":false},"excerpt":{"rendered":"","protected":false},"author":1,"featured_media":0,"parent":0,"menu_order":0,"comment_status":"closed","ping_status":"closed","template":"","meta":{"om_disable_all_campaigns":false,"_monsterinsights_skip_tracking":false,"_monsterinsights_sitenote_active":false,"_monsterinsights_sitenote_note":"","_monsterinsights_sitenote_category":0,"_kad_post_transparent":"","_kad_post_title":"","_kad_post_layout":"","_kad_post_sidebar_id":"","_kad_post_content_style":"","_kad_post_vertical_padding":"","_kad_post_feature":"","_kad_post_feature_position":"","_kad_post_header":false,"_kad_post_footer":false,"footnotes":""},"class_list":["post-1786","page","type-page","status-publish","hentry"],"aioseo_notices":[],"_links":{"self":[{"href":"https:\/\/talentofriedman.com\/index.php\/wp-json\/wp\/v2\/pages\/1786","targetHints":{"allow":["GET"]}}],"collection":[{"href":"https:\/\/talentofriedman.com\/index.php\/wp-json\/wp\/v2\/pages"}],"about":[{"href":"https:\/\/talentofriedman.com\/index.php\/wp-json\/wp\/v2\/types\/page"}],"author":[{"embeddable":true,"href":"https:\/\/talentofriedman.com\/index.php\/wp-json\/wp\/v2\/users\/1"}],"replies":[{"embeddable":true,"href":"https:\/\/talentofriedman.com\/index.php\/wp-json\/wp\/v2\/comments?post=1786"}],"version-history":[{"count":1,"href":"https:\/\/talentofriedman.com\/index.php\/wp-json\/wp\/v2\/pages\/1786\/revisions"}],"predecessor-version":[{"id":1787,"href":"https:\/\/talentofriedman.com\/index.php\/wp-json\/wp\/v2\/pages\/1786\/revisions\/1787"}],"wp:attachment":[{"href":"https:\/\/talentofriedman.com\/index.php\/wp-json\/wp\/v2\/media?parent=1786"}],"curies":[{"name":"wp","href":"https:\/\/api.w.org\/{rel}","templated":true}]}}